{"id":208,"date":"2026-05-03T19:27:13","date_gmt":"2026-05-03T19:27:13","guid":{"rendered":"https:\/\/church.junaid-dev.space\/?page_id=208"},"modified":"2026-05-03T19:29:15","modified_gmt":"2026-05-03T19:29:15","slug":"presentation-des-bebes","status":"publish","type":"page","link":"https:\/\/new.vietransformee.org\/en\/presentation-des-bebes\/","title":{"rendered":"Pr\u00e9sentation des b\u00e9b\u00e9s"},"content":{"rendered":"<div data-elementor-type=\"wp-page\" data-elementor-id=\"208\" class=\"elementor elementor-208\">\n\t\t\t\t<div class=\"elementor-element elementor-element-0fed397 e-flex e-con-boxed wpr-sticky-section-no wpr-column-slider-no e-con e-parent\" data-id=\"0fed397\" data-element_type=\"container\" data-e-type=\"container\" data-settings=\"{&quot;background_background&quot;:&quot;classic&quot;}\">\n\t\t\t\t\t<div class=\"e-con-inner\">\n\t\t\t\t<div class=\"elementor-element elementor-element-683aae4 elementor-widget elementor-widget-heading\" data-id=\"683aae4\" data-element_type=\"widget\" data-e-type=\"widget\" data-widget_type=\"heading.default\">\n\t\t\t\t\t<h2 class=\"elementor-heading-title elementor-size-default\">Pr\u00e9sentation des b\u00e9b\u00e9s\n<\/h2>\t\t\t\t<\/div>\n\t\t\t\t\t<\/div>\n\t\t\t\t<\/div>\n\t\t<div class=\"elementor-element elementor-element-a21c2ff e-flex e-con-boxed wpr-sticky-section-no wpr-column-slider-no e-con e-parent\" data-id=\"a21c2ff\" data-element_type=\"container\" data-e-type=\"container\">\n\t\t\t\t\t<div class=\"e-con-inner\">\n\t\t\t\t<div class=\"elementor-element elementor-element-da38056 elementor-widget elementor-widget-text-editor\" data-id=\"da38056\" data-element_type=\"widget\" data-e-type=\"widget\" data-widget_type=\"text-editor.default\">\n\t\t\t\t\t\t\t\t\t<p>Puisque nous ne baptisons pas les nouveau- n\u00e9s \u00e0 notre \u00e9glise, nous offrons la possibilit\u00e9 aux parents chr\u00e9tiens de pr\u00e9senter leur enfant au Seigneur et \u00e0 l\u2019assembl\u00e9e lors de nos service sp\u00e9ciale \u00e0 cet effet le dimanche matin.<\/p>\t\t\t\t\t\t\t\t<\/div>\n\t\t\t\t<div class=\"elementor-element elementor-element-ee9c3a1 elementor-widget elementor-widget-shortcode\" data-id=\"ee9c3a1\" data-element_type=\"widget\" data-e-type=\"widget\" data-widget_type=\"shortcode.default\">\n\t\t\t\t\t\t\t<div class=\"elementor-shortcode\"><div class=\"forminator-ui forminator-custom-form forminator-custom-form-183 forminator-design--default  forminator_ajax\" data-forminator-render=\"0\" data-form=\"forminator-module-183\" data-uid=\"6a054d0e5a257\"><br\/><\/div><form\n\t\t\t\tid=\"forminator-module-183\"\n\t\t\t\tclass=\"forminator-ui forminator-custom-form forminator-custom-form-183 forminator-design--default  forminator_ajax\"\n\t\t\t\tmethod=\"post\"\n\t\t\t\tdata-forminator-render=\"0\"\n\t\t\t\tdata-form-id=\"183\"\n\t\t\t\tenctype=\"multipart\/form-data\" data-color-option=\"theme\" data-design=\"default\" data-grid=\"open\" style=\"display: none;\"\n\t\t\t\tdata-uid=\"6a054d0e5a257\" action=\"\"\n\t\t\t><div role=\"alert\" aria-live=\"polite\" class=\"forminator-response-message forminator-error\" aria-hidden=\"true\"><\/div><div class=\"forminator-row\"><div id=\"name-1\" class=\"forminator-field-name forminator-col forminator-col-12\"><div class=\"forminator-row forminator-no-margin\" data-multiple=\"true\"><div class=\"forminator-col forminator-col-md-6\"><div class=\"forminator-field\"><label for=\"forminator-field-first-name-1_6a054d0e5a257\" id=\"forminator-field-first-name-1_6a054d0e5a257-label\" class=\"forminator-label\">Pr\u00e9nom <span class=\"forminator-required\">*<\/span><\/label><input type=\"text\" name=\"name-1-first-name\" placeholder=\"\" id=\"forminator-field-first-name-1_6a054d0e5a257\" class=\"forminator-input\" aria-required=\"true\" data-multi=\"1\" autocomplete=\"given-name\" value=\"\" \/><\/div><\/div><div class=\"forminator-col forminator-col-md-6\"><div class=\"forminator-field\"><label for=\"forminator-field-last-name-1_6a054d0e5a257\" id=\"forminator-field-last-name-1_6a054d0e5a257-label\" class=\"forminator-label\">Nom <span class=\"forminator-required\">*<\/span><\/label><input type=\"text\" name=\"name-1-last-name\" placeholder=\"\" id=\"forminator-field-last-name-1_6a054d0e5a257\" class=\"forminator-input\" aria-required=\"true\" data-multi=\"1\" autocomplete=\"family-name\" value=\"\" \/><\/div><\/div><\/div><\/div><\/div><div class=\"forminator-row\"><div id=\"email-1\" class=\"forminator-field-email forminator-col forminator-col-6\"><div class=\"forminator-field\"><label for=\"forminator-field-email-1_6a054d0e5a257\" id=\"forminator-field-email-1_6a054d0e5a257-label\" class=\"forminator-label\">Courriel <span class=\"forminator-required\">*<\/span><\/label><input type=\"email\" name=\"email-1\" value=\"\" placeholder=\"\" id=\"forminator-field-email-1_6a054d0e5a257\" class=\"forminator-input forminator-email--field\" data-required=\"1\" aria-required=\"true\" autocomplete=\"email\" \/><\/div><\/div><div id=\"phone-1\" class=\"forminator-field-phone forminator-col forminator-col-6\"><div class=\"forminator-field\"><label for=\"forminator-field-phone-1_6a054d0e5a257\" id=\"forminator-field-phone-1_6a054d0e5a257-label\" class=\"forminator-label\">T\u00e9l\u00e9phone <span class=\"forminator-required\">*<\/span><\/label><input type=\"text\" name=\"phone-1\" value=\"\" placeholder=\"\" id=\"forminator-field-phone-1_6a054d0e5a257\" class=\"forminator-input forminator-field--phone\" data-required=\"1\" aria-required=\"true\" autocomplete=\"off\" data-national_mode=\"disabled\" data-country=\"ca\" data-validation=\"international\" \/><\/div><\/div><\/div><div class=\"forminator-row\"><div id=\"group-1\" class=\"forminator-field-group forminator-col forminator-col-12\"><label class=\"forminator-label forminator-repeater-label\">Noms et pr\u00e9noms du\/des b\u00e9b\u00e9(s)<\/label><div class=\"forminator-all-group-copies forminator-repeater-field\"><div class=\"forminator-grouped-fields\" data-options=\"{&quot;is_repeater&quot;:true,&quot;min_type&quot;:&quot;custom&quot;,&quot;max_type&quot;:&quot;custom&quot;,&quot;min&quot;:1,&quot;max&quot;:9223372036854775807,&quot;add_text&quot;:&quot;Ajouter b\\u00e9b\\u00e9&quot;,&quot;remove_text&quot;:&quot;Retirer b\\u00e9b\\u00e9&quot;,&quot;action_element_type&quot;:&quot;button&quot;}\"><div class=\"forminator-row\"><div id=\"name-2\" class=\"forminator-field-name forminator-col forminator-col-12\"><div class=\"forminator-row forminator-no-margin\" data-multiple=\"true\"><div class=\"forminator-col forminator-col-md-6\"><div class=\"forminator-field\"><label for=\"forminator-field-first-name-2_6a054d0e5a257\" id=\"forminator-field-first-name-2_6a054d0e5a257-label\" class=\"forminator-label\">Noms<\/label><input type=\"text\" name=\"name-2-first-name\" placeholder=\"\" id=\"forminator-field-first-name-2_6a054d0e5a257\" class=\"forminator-input\" aria-required=\"false\" data-multi=\"1\" autocomplete=\"given-name\" value=\"\" \/><\/div><\/div><div class=\"forminator-col forminator-col-md-6\"><div class=\"forminator-field\"><label for=\"forminator-field-last-name-2_6a054d0e5a257\" id=\"forminator-field-last-name-2_6a054d0e5a257-label\" class=\"forminator-label\">pr\u00e9noms<\/label><input type=\"text\" name=\"name-2-last-name\" placeholder=\"\" id=\"forminator-field-last-name-2_6a054d0e5a257\" class=\"forminator-input\" aria-required=\"false\" data-multi=\"1\" autocomplete=\"family-name\" value=\"\" \/><\/div><\/div><\/div><\/div><\/div><div class=\"forminator-row forminator-action-buttons\"><div class=\"forminator-col forminator-col-12\"><input type=\"button\" value=\"Ajouter b\u00e9b\u00e9\" class=\"forminator-repeater-action-button forminator-repeater-add\" \/><input type=\"button\" value=\"Retirer b\u00e9b\u00e9\" class=\"forminator-repeater-action-button forminator-repeater-remove\" \/><\/div><\/div><\/div><\/div><\/div><\/div><div class=\"forminator-row\"><div id=\"select-1\" class=\"forminator-field-select forminator-col forminator-col-12\"><div class=\"forminator-field\"><label for=\"forminator-form-183__field--select-1_6a054d0e5a257\" id=\"forminator-form-183__field--select-1_6a054d0e5a257-label\" class=\"forminator-label\">S\u00e9lectionnez une date ci-dessous <span class=\"forminator-required\">*<\/span><\/label><select  id=\"forminator-form-183__field--select-1_6a054d0e5a257\" class=\"forminator-select--field forminator-select2 forminator-select2-multiple\" data-required=\"1\" name=\"select-1\" data-default-value=\"\" data-hidden-behavior=\"zero\" data-placeholder=\"S\u00e9lectionnez\" data-search=\"false\" data-search-placeholder=\"S\u00e9lectionnez\" data-checkbox=\"false\" data-allow-clear=\"false\" aria-labelledby=\"forminator-form-183__field--select-1_6a054d0e5a257-label\"><option value=\"\"  >S\u00e9lectionnez<\/option><option value=\"8-Juin-2025\"  data-calculation=\"0\">8 Fevrier 2026<\/option><option value=\"13-Juillet-2025\"  data-calculation=\"0\">8\u00a0Mars 2026<\/option><option value=\"10-Ao\u00fbt-2025\"  data-calculation=\"0\">12 Avril 2026<\/option><option value=\"14-Septembre-2025\"  data-calculation=\"0\">10 Mai 2026<\/option><option value=\"12-Octobre-2025\"  data-calculation=\"0\">14 Juin 2026<\/option><option value=\"12-Juillet-2026\"  data-calculation=\"0\">12 Juillet 2026<\/option><option value=\"9-Ao\u00fbt-2026\"  data-calculation=\"0\">9 Ao\u00fbt 2026<\/option><option value=\"13-Septembre-2026\"  data-calculation=\"0\">13 Septembre 2026<\/option><\/select><\/div><\/div><\/div><div class=\"forminator-row\"><div id=\"upload-1\" class=\"forminator-field-upload forminator-col forminator-col-12\"><div class=\"forminator-field\"><label for=\"forminator-field-upload-1_6a054d0e5a257\" id=\"forminator-field-upload-1_6a054d0e5a257-label\" class=\"forminator-label\">T\u00e9l\u00e9verser la photo du b\u00e9b\u00e9<\/label><span id=\"forminator-field-upload-1_6a054d0e5a257-description\" class=\"forminator-description\">**NOTE**: Il n'est pas obligatoire de t\u00e9l\u00e9verser la photo de votre enfant. <br> <br>  La taille maximum est 100 MB<\/span><div class=\"forminator-multi-upload\" data-element=\"upload-1_6a054d0e5a257\" aria-describedby=\"forminator-field-upload-1_6a054d0e5a257-description\"><input type=\"file\" name=\"upload-1[]\" id=\"forminator-field-upload-1_6a054d0e5a257\" class=\"forminator-input-file forminator-field-upload-1_6a054d0e5a257-183\" multiple=\"multiple\" data-method=\"ajax\" accept=\".jpg,.jpeg,.jpe,.gif,.png,.bmp,.tiff,.tif,.webp,.avif,.ico,.heic,.heif,.heics,.heifs,.psd,.xcf,.json\" data-size=\"100000000\" data-size-message=\"Maximum file size allowed is 100 MB. \" data-filetype=\"jpg|jpeg|jpe|gif|png|bmp|tiff|tif|webp|avif|ico|heic|heif|heics|heifs|psd|xcf|json\" data-filetype-message=\"file extension is not allowed.\"><div class=\"forminator-multi-upload-message\" aria-hidden=\"true\"><span class=\"forminator-icon-upload\" aria-hidden=\"true\"><\/span><p>Drag and Drop (or) <a class=\"forminator-upload-file--forminator-field-upload-1_6a054d0e5a257\" href=\"#\" onclick=\"return false;\">Choose Files<\/a><\/p><\/div><\/div><ul class=\"forminator-uploaded-files upload-container-upload-1_6a054d0e5a257\"><\/ul><\/div><\/div><\/div><div class=\"forminator-row\"><div id=\"group-2\" class=\"forminator-field-group forminator-col forminator-col-12\"><label class=\"forminator-label forminator-repeater-label\">Nom des parents et des t\u00e9moins<\/label><div class=\"forminator-all-group-copies forminator-repeater-field\"><div class=\"forminator-grouped-fields\" data-options=\"{&quot;is_repeater&quot;:true,&quot;min_type&quot;:&quot;custom&quot;,&quot;max_type&quot;:&quot;custom&quot;,&quot;min&quot;:1,&quot;max&quot;:9223372036854775807,&quot;add_text&quot;:&quot;Ajouter un parent&quot;,&quot;remove_text&quot;:&quot;Supprimer le parent&quot;,&quot;action_element_type&quot;:&quot;button&quot;}\"><div class=\"forminator-row\"><div id=\"name-3\" class=\"forminator-field-name forminator-col forminator-col-12\"><div class=\"forminator-row forminator-no-margin\" data-multiple=\"true\"><div class=\"forminator-col forminator-col-md-6\"><div class=\"forminator-field\"><label for=\"forminator-field-first-name-3_6a054d0e5a257\" id=\"forminator-field-first-name-3_6a054d0e5a257-label\" class=\"forminator-label\">Pr\u00e9nom<\/label><input type=\"text\" name=\"name-3-first-name\" placeholder=\"\" id=\"forminator-field-first-name-3_6a054d0e5a257\" class=\"forminator-input\" aria-required=\"false\" data-multi=\"1\" autocomplete=\"given-name\" value=\"\" \/><\/div><\/div><div class=\"forminator-col forminator-col-md-6\"><div class=\"forminator-field\"><label for=\"forminator-field-last-name-3_6a054d0e5a257\" id=\"forminator-field-last-name-3_6a054d0e5a257-label\" class=\"forminator-label\">Nom de famille<\/label><input type=\"text\" name=\"name-3-last-name\" placeholder=\"\" id=\"forminator-field-last-name-3_6a054d0e5a257\" class=\"forminator-input\" aria-required=\"false\" data-multi=\"1\" autocomplete=\"family-name\" value=\"\" \/><\/div><\/div><\/div><\/div><\/div><div class=\"forminator-row forminator-action-buttons\"><div class=\"forminator-col forminator-col-12\"><input type=\"button\" value=\"Ajouter un parent\" class=\"forminator-repeater-action-button forminator-repeater-add\" \/><input type=\"button\" value=\"Supprimer le parent\" class=\"forminator-repeater-action-button forminator-repeater-remove\" \/><\/div><\/div><\/div><\/div><\/div><\/div><div class=\"forminator-row\"><div id=\"consent-1\" class=\"forminator-field-consent forminator-col forminator-col-12\"><div class=\"forminator-field\"><div class=\"forminator-checkbox__wrapper\"><label id=\"forminator-field-consent-1_6a054d0e5a257__label\" class=\"forminator-checkbox forminator-consent\"><input type=\"checkbox\" name=\"consent-1\" id=\"forminator-field-consent-1_6a054d0e5a257\" value=\"checked\" aria-labelledby=\"forminator-field-consent-1_6a054d0e5a257-label\" aria-describedby=\"forminator-field-consent-1_6a054d0e5a257__description\" data-required=\"true\" aria-required=\"true\" \/><span class=\"forminator-checkbox-box\" aria-hidden=\"true\"><\/span><\/label><div id=\"forminator-field-consent-1_6a054d0e5a257__description\" class=\"forminator-checkbox__label forminator-consent__label\"><p><strong>Prenez note que vous serez contact\u00e9(e) une semaine avant la pr\u00e9sentation de votre enfant<\/strong><\/p><\/div><\/div><\/div><\/div><\/div><div class=\"forminator-row\"><div id=\"captcha-1\" class=\"forminator-field-captcha forminator-col forminator-col-12\"><div class=\"forminator-captcha-left forminator-turnstile\" data-theme=\"auto\" data-language=\"en-ca\" data-sitekey=\"0x4AAAAAADIjq_mFIxHudubF\" data-size=\"normal\"><\/div> <\/div><\/div><input type=\"hidden\" name=\"referer_url\" value=\"\" \/><div class=\"forminator-row forminator-row-last\"><div class=\"forminator-col\"><div class=\"forminator-field\"><button class=\"forminator-button forminator-button-submit\">Je m&#039;inscris pour une pr&eacute;sentation de b&eacute;b&eacute;!<\/button><\/div><\/div><\/div><input type=\"hidden\" id=\"forminator_nonce\" name=\"forminator_nonce\" value=\"b2ea533822\" \/><input type=\"hidden\" name=\"_wp_http_referer\" value=\"\/en\/wp-json\/wp\/v2\/pages\/208\" \/><input type=\"hidden\" name=\"form_id\" value=\"183\"><input type=\"hidden\" name=\"page_id\" value=\"208\"><input type=\"hidden\" name=\"form_type\" value=\"default\"><input type=\"hidden\" name=\"current_url\" value=\"https:\/\/new.vietransformee.org\/en\/presentation-des-bebes\/\"><input type=\"hidden\" name=\"render_id\" value=\"0\"><input type=\"hidden\" name=\"forminator-multifile-hidden\" class=\"forminator-multifile-hidden\"><input type=\"hidden\" name=\"action\" value=\"forminator_submit_form_custom-forms\"><input type=\"hidden\" name=\"trp-form-language\" value=\"en\"\/><\/form><\/div>\n\t\t\t\t\t\t<\/div>\n\t\t\t\t\t<\/div>\n\t\t\t\t<\/div>\n\t\t\t\t<\/div>","protected":false},"excerpt":{"rendered":"<p>Pr\u00e9sentation des b\u00e9b\u00e9s Puisque nous ne baptisons pas les nouveau- n\u00e9s \u00e0 notre \u00e9glise, nous offrons la possibilit\u00e9 aux parents chr\u00e9tiens de pr\u00e9senter leur enfant au Seigneur et \u00e0 l\u2019assembl\u00e9e lors de nos service sp\u00e9ciale \u00e0 cet effet le dimanche matin.<\/p>","protected":false},"author":1,"featured_media":0,"parent":0,"menu_order":0,"comment_status":"closed","ping_status":"closed","template":"elementor_header_footer","meta":{"site-sidebar-layout":"no-sidebar","site-content-layout":"","ast-site-content-layout":"full-width-container","site-content-style":"default","site-sidebar-style":"default","ast-global-header-display":"","ast-banner-title-visibility":"","ast-main-header-display":"","ast-hfb-above-header-display":"","ast-hfb-below-header-display":"","ast-hfb-mobile-header-display":"","site-post-title":"","ast-breadcrumbs-content":"","ast-featured-img":"disabled","footer-sml-layout":"","ast-disable-related-posts":"","theme-transparent-header-meta":"","adv-header-id-meta":"","stick-header-meta":"","header-above-stick-meta":"","header-main-stick-meta":"","header-below-stick-meta":"","astra-migrate-meta-layouts":"default","ast-page-background-enabled":"default","ast-page-background-meta":{"desktop":{"background-color":"var(--ast-global-color-5)","background-image":"","background-repeat":"repeat","background-position":"center center","background-size":"auto","background-attachment":"scroll","background-type":"","background-media":"","overlay-type":"","overlay-color":"","overlay-opacity":"","overlay-gradient":""},"tablet":{"background-color":"","background-image":"","background-repeat":"repeat","background-position":"center center","background-size":"auto","background-attachment":"scroll","background-type":"","background-media":"","overlay-type":"","overlay-color":"","overlay-opacity":"","overlay-gradient":""},"mobile":{"background-color":"","background-image":"","background-repeat":"repeat","background-position":"center center","background-size":"auto","background-attachment":"scroll","background-type":"","background-media":"","overlay-type":"","overlay-color":"","overlay-opacity":"","overlay-gradient":""}},"ast-content-background-meta":{"desktop":{"background-color":"var(--ast-global-color-4)","background-image":"","background-repeat":"repeat","background-position":"center center","background-size":"auto","background-attachment":"scroll","background-type":"","background-media":"","overlay-type":"","overlay-color":"","overlay-opacity":"","overlay-gradient":""},"tablet":{"background-color":"var(--ast-global-color-4)","background-image":"","background-repeat":"repeat","background-position":"center center","background-size":"auto","background-attachment":"scroll","background-type":"","background-media":"","overlay-type":"","overlay-color":"","overlay-opacity":"","overlay-gradient":""},"mobile":{"background-color":"var(--ast-global-color-4)","background-image":"","background-repeat":"repeat","background-position":"center center","background-size":"auto","background-attachment":"scroll","background-type":"","background-media":"","overlay-type":"","overlay-color":"","overlay-opacity":"","overlay-gradient":""}},"footnotes":""},"class_list":["post-208","page","type-page","status-publish","hentry"],"_links":{"self":[{"href":"https:\/\/new.vietransformee.org\/en\/wp-json\/wp\/v2\/pages\/208","targetHints":{"allow":["GET"]}}],"collection":[{"href":"https:\/\/new.vietransformee.org\/en\/wp-json\/wp\/v2\/pages"}],"about":[{"href":"https:\/\/new.vietransformee.org\/en\/wp-json\/wp\/v2\/types\/page"}],"author":[{"embeddable":true,"href":"https:\/\/new.vietransformee.org\/en\/wp-json\/wp\/v2\/users\/1"}],"replies":[{"embeddable":true,"href":"https:\/\/new.vietransformee.org\/en\/wp-json\/wp\/v2\/comments?post=208"}],"version-history":[{"count":4,"href":"https:\/\/new.vietransformee.org\/en\/wp-json\/wp\/v2\/pages\/208\/revisions"}],"predecessor-version":[{"id":212,"href":"https:\/\/new.vietransformee.org\/en\/wp-json\/wp\/v2\/pages\/208\/revisions\/212"}],"wp:attachment":[{"href":"https:\/\/new.vietransformee.org\/en\/wp-json\/wp\/v2\/media?parent=208"}],"curies":[{"name":"wp","href":"https:\/\/api.w.org\/{rel}","templated":true}]}}